{"id":1374,"date":"2024-05-15T07:32:57","date_gmt":"2024-05-15T07:32:57","guid":{"rendered":"https:\/\/milimat.eu\/politica-sulla-privacy"},"modified":"2024-05-20T09:53:36","modified_gmt":"2024-05-20T09:53:36","slug":"politica-sulla-privacy","status":"publish","type":"page","link":"https:\/\/milimat.eu\/it\/politica-sulla-privacy","title":{"rendered":"Politica sulla privacy"},"content":{"rendered":"\t\t<div data-elementor-type=\"wp-page\" data-elementor-id=\"1374\" class=\"elementor elementor-1374 elementor-1338\" data-elementor-post-type=\"page\">\n\t\t\t\t<div data-dce-background-color=\"#0D5E26\" class=\"elementor-element elementor-element-dd555be e-con-full e-flex e-con e-parent\" data-id=\"dd555be\" data-element_type=\"container\" data-settings=\"{&quot;background_background&quot;:&quot;classic&quot;}\">\n\t\t<div class=\"elementor-element elementor-element-f6dcb87 e-con-full e-flex e-con e-child\" data-id=\"f6dcb87\" data-element_type=\"container\">\n\t\t<div data-dce-background-color=\"#258749\" class=\"elementor-element elementor-element-9e12096 e-con-full e-flex e-con e-child\" data-id=\"9e12096\" data-element_type=\"container\" data-settings=\"{&quot;background_background&quot;:&quot;classic&quot;}\">\n\t\t\t\t<div class=\"elementor-element elementor-element-2753c89 elementor-widget__width-auto elementor-widget elementor-widget-heading\" data-id=\"2753c89\" data-element_type=\"widget\" data-widget_type=\"heading.default\">\n\t\t\t\t<div class=\"elementor-widget-container\">\n\t\t\t\t\t<span class=\"elementor-heading-title elementor-size-default\"><a href=\"https:\/\/milimat.eu\/home\">Home<\/a><\/span>\t\t\t\t<\/div>\n\t\t\t\t<\/div>\n\t\t\t\t<div class=\"elementor-element elementor-element-5b6901c elementor-widget__width-auto elementor-widget elementor-widget-heading\" data-id=\"5b6901c\" data-element_type=\"widget\" data-widget_type=\"heading.default\">\n\t\t\t\t<div class=\"elementor-widget-container\">\n\t\t\t\t\t<span class=\"elementor-heading-title elementor-size-default\">><\/span>\t\t\t\t<\/div>\n\t\t\t\t<\/div>\n\t\t\t\t<\/div>\n\t\t<div class=\"elementor-element elementor-element-dd575c9 e-con-full e-flex e-con e-child\" data-id=\"dd575c9\" data-element_type=\"container\">\n\t\t\t\t<div class=\"elementor-element elementor-element-f3b2474 elementor-widget elementor-widget-theme-post-title elementor-page-title elementor-widget-heading\" data-id=\"f3b2474\" data-element_type=\"widget\" data-widget_type=\"theme-post-title.default\">\n\t\t\t\t<div class=\"elementor-widget-container\">\n\t\t\t\t\t<h1 class=\"elementor-heading-title elementor-size-default\">Politica sulla privacy<\/h1>\t\t\t\t<\/div>\n\t\t\t\t<\/div>\n\t\t\t\t<\/div>\n\t\t\t\t<\/div>\n\t\t\t\t<\/div>\n\t\t<div class=\"elementor-element elementor-element-86d001f e-flex e-con-boxed e-con e-parent\" data-id=\"86d001f\" data-element_type=\"container\">\n\t\t\t\t\t<div class=\"e-con-inner\">\n\t\t\t\t<div class=\"elementor-element elementor-element-5d1b474 elementor-widget elementor-widget-text-editor\" data-id=\"5d1b474\" data-element_type=\"widget\" data-widget_type=\"text-editor.default\">\n\t\t\t\t<div class=\"elementor-widget-container\">\n\t\t\t\t\t\t\t\t\t<p>In MILIMAT prendiamo molto sul serio la protezione dei dati personali. Il nostro scopo \u00e8 proteggere la riservatezza dei dati che ci fornisci e rispettare le normative vigenti in materia di protezione dei dati personali. <\/p>\n<p><span style=\"font-weight: 400;\">In conformit\u00e0 con la legge 3\/2018 del 5 dicembre sulla protezione dei dati personali e sulla garanzia dei diritti digitali che recepisce il regolamento (UE) 2016\/679, ti informiamo delle seguenti informazioni sulla nostra politica sulla privacy e sulla protezione dei dati:<\/span><\/p>\n\t\t\t\t\t\t\t\t<\/div>\n\t\t\t\t<\/div>\n\t\t\t\t<div class=\"elementor-element elementor-element-1a75446 elementor-widget elementor-widget-heading\" data-id=\"1a75446\" data-element_type=\"widget\" data-widget_type=\"heading.default\">\n\t\t\t\t<div class=\"elementor-widget-container\">\n\t\t\t\t\t<h3 class=\"elementor-heading-title elementor-size-default\">Chi \u00e8 il titolare del trattamento dei tuoi dati?<\/h3>\t\t\t\t<\/div>\n\t\t\t\t<\/div>\n\t\t\t\t<div class=\"elementor-element elementor-element-bc02843 elementor-widget elementor-widget-text-editor\" data-id=\"bc02843\" data-element_type=\"widget\" data-widget_type=\"text-editor.default\">\n\t\t\t\t<div class=\"elementor-widget-container\">\n\t\t\t\t\t\t\t\t\t<p>L&#8217;organizzazione responsabile dei suoi dati \u00e8 CIA-Agricoltori Italiani Umbria. Si tratta di un&#8217;associazione con sede a Perugia, Italia. <\/p>\n<p><\/p>\t\t\t\t\t\t\t\t<\/div>\n\t\t\t\t<\/div>\n\t\t<div class=\"elementor-element elementor-element-64e51e0 e-flex e-con-boxed e-con e-child\" data-id=\"64e51e0\" data-element_type=\"container\">\n\t\t\t\t\t<div class=\"e-con-inner\">\n\t\t<div class=\"elementor-element elementor-element-b26dd87 e-flex e-con-boxed e-con e-child\" data-id=\"b26dd87\" data-element_type=\"container\" data-settings=\"{&quot;background_background&quot;:&quot;classic&quot;}\">\n\t\t\t\t\t<div class=\"e-con-inner\">\n\t\t\t\t<div class=\"elementor-element elementor-element-c1fd097 elementor-widget__width-initial elementor-widget elementor-widget-heading\" data-id=\"c1fd097\" data-element_type=\"widget\" data-widget_type=\"heading.default\">\n\t\t\t\t<div class=\"elementor-widget-container\">\n\t\t\t\t\t<div class=\"elementor-heading-title elementor-size-default\">Indirizzo<\/div>\t\t\t\t<\/div>\n\t\t\t\t<\/div>\n\t\t\t\t<div class=\"elementor-element elementor-element-58335cc elementor-widget__width-initial elementor-widget elementor-widget-heading\" data-id=\"58335cc\" data-element_type=\"widget\" data-widget_type=\"heading.default\">\n\t\t\t\t<div class=\"elementor-widget-container\">\n\t\t\t\t\t<div class=\"elementor-heading-title elementor-size-default\">via Mario Angeloni, 1 - 06124 Perugia (IT)<\/div>\t\t\t\t<\/div>\n\t\t\t\t<\/div>\n\t\t\t\t\t<\/div>\n\t\t\t\t<\/div>\n\t\t<div class=\"elementor-element elementor-element-b85c5fe e-flex e-con-boxed e-con e-child\" data-id=\"b85c5fe\" data-element_type=\"container\">\n\t\t\t\t\t<div class=\"e-con-inner\">\n\t\t\t\t<div class=\"elementor-element elementor-element-067c094 elementor-widget__width-initial elementor-widget elementor-widget-heading\" data-id=\"067c094\" data-element_type=\"widget\" data-widget_type=\"heading.default\">\n\t\t\t\t<div class=\"elementor-widget-container\">\n\t\t\t\t\t<div class=\"elementor-heading-title elementor-size-default\">Contatto e-mail<\/div>\t\t\t\t<\/div>\n\t\t\t\t<\/div>\n\t\t\t\t<div class=\"elementor-element elementor-element-f2de369 elementor-widget__width-initial elementor-widget elementor-widget-heading\" data-id=\"f2de369\" data-element_type=\"widget\" data-widget_type=\"heading.default\">\n\t\t\t\t<div class=\"elementor-widget-container\">\n\t\t\t\t\t<div class=\"elementor-heading-title elementor-size-default\"><a href=\"mailto:umbria@cia.it\">umbria@cia.it<\/a><\/div>\t\t\t\t<\/div>\n\t\t\t\t<\/div>\n\t\t\t\t\t<\/div>\n\t\t\t\t<\/div>\n\t\t<div class=\"elementor-element elementor-element-bf78a7a e-flex e-con-boxed e-con e-child\" data-id=\"bf78a7a\" data-element_type=\"container\" data-settings=\"{&quot;background_background&quot;:&quot;classic&quot;}\">\n\t\t\t\t\t<div class=\"e-con-inner\">\n\t\t\t\t<div class=\"elementor-element elementor-element-b2f5b24 elementor-widget__width-initial elementor-widget elementor-widget-heading\" data-id=\"b2f5b24\" data-element_type=\"widget\" data-widget_type=\"heading.default\">\n\t\t\t\t<div class=\"elementor-widget-container\">\n\t\t\t\t\t<div class=\"elementor-heading-title elementor-size-default\">Telefono<\/div>\t\t\t\t<\/div>\n\t\t\t\t<\/div>\n\t\t\t\t<div class=\"elementor-element elementor-element-cbb3b2d elementor-widget__width-initial elementor-widget elementor-widget-heading\" data-id=\"cbb3b2d\" data-element_type=\"widget\" data-widget_type=\"heading.default\">\n\t\t\t\t<div class=\"elementor-widget-container\">\n\t\t\t\t\t<div class=\"elementor-heading-title elementor-size-default\">0039 75 7971056<\/div>\t\t\t\t<\/div>\n\t\t\t\t<\/div>\n\t\t\t\t\t<\/div>\n\t\t\t\t<\/div>\n\t\t\t\t\t<\/div>\n\t\t\t\t<\/div>\n\t\t\t\t\t<\/div>\n\t\t\t\t<\/div>\n\t\t<div class=\"elementor-element elementor-element-cdbe8d7 e-flex e-con-boxed e-con e-parent\" data-id=\"cdbe8d7\" data-element_type=\"container\" data-settings=\"{&quot;background_background&quot;:&quot;classic&quot;}\">\n\t\t\t\t\t<div class=\"e-con-inner\">\n\t\t\t\t<div class=\"elementor-element elementor-element-5e1bf76 elementor-widget elementor-widget-heading\" data-id=\"5e1bf76\" data-element_type=\"widget\" data-widget_type=\"heading.default\">\n\t\t\t\t<div class=\"elementor-widget-container\">\n\t\t\t\t\t<h3 class=\"elementor-heading-title elementor-size-default\">Qual \u00e8 lo scopo del trattamento?<\/h3>\t\t\t\t<\/div>\n\t\t\t\t<\/div>\n\t\t\t\t<div class=\"elementor-element elementor-element-613103c elementor-widget elementor-widget-text-editor\" data-id=\"613103c\" data-element_type=\"widget\" data-widget_type=\"text-editor.default\">\n\t\t\t\t<div class=\"elementor-widget-container\">\n\t\t\t\t\t\t\t\t\t<ul>\n<li style=\"font-weight: 400;\" aria-level=\"1\"><span style=\"font-weight: 400;\">Per rispondere a richieste, reclami e incidenti trasferiti attraverso i nostri canali di contatto incorporati nel sito web.<\/span><\/li>\n<li style=\"font-weight: 400;\" aria-level=\"1\"><span style=\"font-weight: 400;\">Comprendere il comportamento del navigatore all\u2019interno del web al fine di rilevare eventuali attacchi informatici al nostro web.<\/span><\/li>\n<li style=\"font-weight: 400;\" aria-level=\"1\"><span style=\"font-weight: 400;\">Rispettare gli obblighi legali a noi direttamente applicabili e regolare la nostra attivit\u00e0.<\/span><\/li>\n<li style=\"font-weight: 400;\" aria-level=\"1\"><span style=\"font-weight: 400;\">Per proteggere ed esercitare i nostri diritti o per rispondere a reclami di qualsiasi tipo.<\/span><\/li>\n<li style=\"font-weight: 400;\" aria-level=\"1\"><span style=\"font-weight: 400;\">Invio di newsletter relative ai beni o servizi che compongono l\u2019attivit\u00e0 del responsabile o notizie relative alla sua attivit\u00e0.<\/span><\/li>\n<\/ul>\n\t\t\t\t\t\t\t\t<\/div>\n\t\t\t\t<\/div>\n\t\t\t\t<div class=\"elementor-element elementor-element-4b76d8e elementor-widget elementor-widget-heading\" data-id=\"4b76d8e\" data-element_type=\"widget\" data-widget_type=\"heading.default\">\n\t\t\t\t<div class=\"elementor-widget-container\">\n\t\t\t\t\t<h3 class=\"elementor-heading-title elementor-size-default\">Qual \u00e8 la base giuridica del trattamento?<\/h3>\t\t\t\t<\/div>\n\t\t\t\t<\/div>\n\t\t\t\t<div class=\"elementor-element elementor-element-a5c8431 elementor-widget elementor-widget-text-editor\" data-id=\"a5c8431\" data-element_type=\"widget\" data-widget_type=\"text-editor.default\">\n\t\t\t\t<div class=\"elementor-widget-container\">\n\t\t\t\t\t\t\t\t\t<p><span style=\"font-weight: 400;\">La base giuridica del trattamento dei Suoi dati \u00e8 il consenso dell\u2019interessato ai sensi dell\u2019articolo 6.1 a) del Regolamento, nonch\u00e9 il legittimo interesse del titolare del trattamento ai sensi dell\u2019articolo 6.1 f) del Regolamento.<\/span><\/p>\n<p><span style=\"font-weight: 400;\">I dati che ti chiediamo sono adeguati, pertinenti e strettamente necessari e in nessun caso sei obbligato a fornirceli, ma la loro mancata comunicazione pu\u00f2 pregiudicare la finalit\u00e0 del servizio o l\u2019impossibilit\u00e0 di fornirlo.<\/span><\/p>\n\t\t\t\t\t\t\t\t<\/div>\n\t\t\t\t<\/div>\n\t\t\t\t\t<\/div>\n\t\t\t\t<\/div>\n\t\t<div class=\"elementor-element elementor-element-2297be9 e-flex e-con-boxed e-con e-parent\" data-id=\"2297be9\" data-element_type=\"container\">\n\t\t\t\t\t<div class=\"e-con-inner\">\n\t\t\t\t<div class=\"elementor-element elementor-element-e910f7b elementor-widget elementor-widget-heading\" data-id=\"e910f7b\" data-element_type=\"widget\" data-widget_type=\"heading.default\">\n\t\t\t\t<div class=\"elementor-widget-container\">\n\t\t\t\t\t<h3 class=\"elementor-heading-title elementor-size-default\">Per quanto tempo conserviamo i tuoi dati?<\/h3>\t\t\t\t<\/div>\n\t\t\t\t<\/div>\n\t\t\t\t<div class=\"elementor-element elementor-element-126e7e1 elementor-widget elementor-widget-text-editor\" data-id=\"126e7e1\" data-element_type=\"widget\" data-widget_type=\"text-editor.default\">\n\t\t\t\t<div class=\"elementor-widget-container\">\n\t\t\t\t\t\t\t\t\t<p><span data-sheets-value=\"{\"1\":2,\"2\":\"Your data will be kept for the time required for the proper provision of the service offered, as well as to meet the responsibilities that may arise from it and any other legal requirement.\"}\" data-sheets-userformat=\"{\"2\":15235,\"3\":{\"1\":0},\"4\":{\"1\":2,\"2\":16777215},\"10\":0,\"11\":4,\"12\":0,\"14\":{\"1\":3,\"3\":1},\"15\":\"Calibri\",\"16\":12}\">I tuoi dati saranno conservati per il tempo necessario alla corretta erogazione del servizio offerto, nonch\u00e9 per far fronte alle responsabilit\u00e0 che dallo stesso dovessero derivare ed ogni altro obbligo di legge.<\/span><\/p>\n\t\t\t\t\t\t\t\t<\/div>\n\t\t\t\t<\/div>\n\t\t\t\t<div class=\"elementor-element elementor-element-0a6e2fe elementor-widget elementor-widget-heading\" data-id=\"0a6e2fe\" data-element_type=\"widget\" data-widget_type=\"heading.default\">\n\t\t\t\t<div class=\"elementor-widget-container\">\n\t\t\t\t\t<h3 class=\"elementor-heading-title elementor-size-default\">Quali destinatari riceveranno i tuoi dati?<\/h3>\t\t\t\t<\/div>\n\t\t\t\t<\/div>\n\t\t\t\t<div class=\"elementor-element elementor-element-2cc1de6 elementor-widget elementor-widget-text-editor\" data-id=\"2cc1de6\" data-element_type=\"widget\" data-widget_type=\"text-editor.default\">\n\t\t\t\t<div class=\"elementor-widget-container\">\n\t\t\t\t\t\t\t\t\t<p>Nel corso del trattamento dei tuoi dati, <strong>CIA-Agricoltori Italiani Umbria<\/strong> pu\u00f2 condividere i tuoi dati con:<\/p>\n<p><strong>On Projects Advising SL<\/strong>, come fornitori di servizi di gestione e manutenzione web.<\/p>\n\t\t\t\t\t\t\t\t<\/div>\n\t\t\t\t<\/div>\n\t\t\t\t\t<\/div>\n\t\t\t\t<\/div>\n\t\t<div class=\"elementor-element elementor-element-f7db814 e-flex e-con-boxed e-con e-parent\" data-id=\"f7db814\" data-element_type=\"container\" data-settings=\"{&quot;background_background&quot;:&quot;classic&quot;}\">\n\t\t\t\t\t<div class=\"e-con-inner\">\n\t\t\t\t<div class=\"elementor-element elementor-element-eba94ad elementor-widget elementor-widget-heading\" data-id=\"eba94ad\" data-element_type=\"widget\" data-widget_type=\"heading.default\">\n\t\t\t\t<div class=\"elementor-widget-container\">\n\t\t\t\t\t<h3 class=\"elementor-heading-title elementor-size-default\">Quali sono i miei diritti?<\/h3>\t\t\t\t<\/div>\n\t\t\t\t<\/div>\n\t\t\t\t<div class=\"elementor-element elementor-element-80f8e2d elementor-widget elementor-widget-text-editor\" data-id=\"80f8e2d\" data-element_type=\"widget\" data-widget_type=\"text-editor.default\">\n\t\t\t\t<div class=\"elementor-widget-container\">\n\t\t\t\t\t\t\t\t\t<ul>\n<li style=\"font-weight: 400;\" aria-level=\"1\"><span style=\"font-weight: 400;\">Diritto di accesso: il diritto di ottenere conferma che sia o meno in corso un trattamento di dati personali, nonch\u00e9 il diritto di accesso a tali dati.<\/span><\/li>\n<li style=\"font-weight: 400;\" aria-level=\"1\"><span style=\"font-weight: 400;\">Diritto alla rettifica dei dati personali.<\/span><\/li>\n<li style=\"font-weight: 400;\" aria-level=\"1\"><span style=\"font-weight: 400;\">Diritto alla cancellazione<\/span><\/li>\n<li style=\"font-weight: 400;\" aria-level=\"1\"><span style=\"font-weight: 400;\">Diritto alla limitazione del trattamento<\/span><\/li>\n<li style=\"font-weight: 400;\" aria-level=\"1\"><span style=\"font-weight: 400;\">Diritto alla portabilit\u00e0 dei dati<\/span><\/li>\n<li style=\"font-weight: 400;\" aria-level=\"1\"><span style=\"font-weight: 400;\">Diritto di opposizione: diritto di opposizione al trattamento dei dati.<\/span><\/li>\n<\/ul>\n\t\t\t\t\t\t\t\t<\/div>\n\t\t\t\t<\/div>\n\t\t\t\t<div class=\"elementor-element elementor-element-6ea118f elementor-widget elementor-widget-text-editor\" data-id=\"6ea118f\" data-element_type=\"widget\" data-widget_type=\"text-editor.default\">\n\t\t\t\t<div class=\"elementor-widget-container\">\n\t\t\t\t\t\t\t\t\t<p><span style=\"font-weight: 400;\">Il titolare del trattamento conserva il diritto di limitare i diritti di cui all\u2019articolo 23 del Regolamento UE, se tale restrizione \u00e8 prevista per tutelare, in particolare, i diritti e le libert\u00e0 fondamentali ed \u00e8 una misura necessaria e proporzionata.<\/span><\/p>\n\t\t\t\t\t\t\t\t<\/div>\n\t\t\t\t<\/div>\n\t\t\t\t<div class=\"elementor-element elementor-element-dae50b6 elementor-widget elementor-widget-heading\" data-id=\"dae50b6\" data-element_type=\"widget\" data-widget_type=\"heading.default\">\n\t\t\t\t<div class=\"elementor-widget-container\">\n\t\t\t\t\t<h3 class=\"elementor-heading-title elementor-size-default\">Dove posso fare un reclamo?<\/h3>\t\t\t\t<\/div>\n\t\t\t\t<\/div>\n\t\t\t\t<div class=\"elementor-element elementor-element-b0486bd elementor-widget elementor-widget-text-editor\" data-id=\"b0486bd\" data-element_type=\"widget\" data-widget_type=\"text-editor.default\">\n\t\t\t\t<div class=\"elementor-widget-container\">\n\t\t\t\t\t\t\t\t\t<p>Qualora l\u2019interessato ritenga che i propri dati non siano trattati correttamente, pu\u00f2 inviare i propri reclami al seguente indirizzo di posta elettronica; <a href=\"mailto:a.palomba@cia.it\">a.palomba@cia.it<\/a>.<\/p>\n<p>L\u2019interessato dichiara di aver acquisito tutte queste informazioni.<\/p>\n\t\t\t\t\t\t\t\t<\/div>\n\t\t\t\t<\/div>\n\t\t\t\t\t<\/div>\n\t\t\t\t<\/div>\n\t\t\t\t<\/div>\n\t\t","protected":false},"excerpt":{"rendered":"<p>Home > In MILIMAT prendiamo molto sul serio la protezione dei dati personali. Il nostro scopo \u00e8 proteggere la riservatezza dei dati che ci fornisci e rispettare le normative vigenti in materia di protezione dei dati personali. In conformit\u00e0 con la legge 3\/2018 del 5 dicembre sulla protezione dei dati personali e sulla garanzia dei [&hellip;]<\/p>\n","protected":false},"author":1,"featured_media":0,"parent":0,"menu_order":0,"comment_status":"closed","ping_status":"closed","template":"elementor_header_footer","meta":{"_acf_changed":false,"footnotes":""},"class_list":["post-1374","page","type-page","status-publish","hentry"],"acf":[],"yoast_head":"<!-- This site is optimized with the Yoast SEO plugin v24.7 - https:\/\/yoast.com\/wordpress\/plugins\/seo\/ -->\n<title>Politica sulla privacy - MILIMAT<\/title>\n<meta name=\"robots\" content=\"index, follow, max-snippet:-1, max-image-preview:large, max-video-preview:-1\" \/>\n<link rel=\"canonical\" href=\"https:\/\/milimat.eu\/privacy-policy\" \/>\n<meta property=\"og:locale\" content=\"it_IT\" \/>\n<meta property=\"og:type\" content=\"article\" \/>\n<meta property=\"og:title\" content=\"Politica sulla privacy - MILIMAT\" \/>\n<meta property=\"og:description\" content=\"Home &gt; In MILIMAT prendiamo molto sul serio la protezione dei dati personali. Il nostro scopo \u00e8 proteggere la riservatezza dei dati che ci fornisci e rispettare le normative vigenti in materia di protezione dei dati personali. In conformit\u00e0 con la legge 3\/2018 del 5 dicembre sulla protezione dei dati personali e sulla garanzia dei [&hellip;]\" \/>\n<meta property=\"og:url\" content=\"https:\/\/milimat.eu\/privacy-policy\" \/>\n<meta property=\"og:site_name\" content=\"MILIMAT\" \/>\n<meta property=\"article:modified_time\" content=\"2024-05-20T09:53:36+00:00\" \/>\n<meta name=\"twitter:card\" content=\"summary_large_image\" \/>\n<meta name=\"twitter:label1\" content=\"Tempo di lettura stimato\" \/>\n\t<meta name=\"twitter:data1\" content=\"2 minuti\" \/>\n<script type=\"application\/ld+json\" class=\"yoast-schema-graph\">{\"@context\":\"https:\/\/schema.org\",\"@graph\":[{\"@type\":\"WebPage\",\"@id\":\"https:\/\/milimat.eu\/privacy-policy\",\"url\":\"https:\/\/milimat.eu\/privacy-policy\",\"name\":\"Politica sulla privacy - MILIMAT\",\"isPartOf\":{\"@id\":\"https:\/\/milimat.eu\/#website\"},\"datePublished\":\"2024-05-15T07:32:57+00:00\",\"dateModified\":\"2024-05-20T09:53:36+00:00\",\"breadcrumb\":{\"@id\":\"https:\/\/milimat.eu\/privacy-policy#breadcrumb\"},\"inLanguage\":\"it-IT\",\"potentialAction\":[{\"@type\":\"ReadAction\",\"target\":[\"https:\/\/milimat.eu\/privacy-policy\"]}]},{\"@type\":\"BreadcrumbList\",\"@id\":\"https:\/\/milimat.eu\/privacy-policy#breadcrumb\",\"itemListElement\":[{\"@type\":\"ListItem\",\"position\":1,\"name\":\"Home\",\"item\":\"https:\/\/milimat.eu\/\"},{\"@type\":\"ListItem\",\"position\":2,\"name\":\"Politica sulla privacy\"}]},{\"@type\":\"WebSite\",\"@id\":\"https:\/\/milimat.eu\/#website\",\"url\":\"https:\/\/milimat.eu\/\",\"name\":\"MILIMAT\",\"description\":\"\",\"publisher\":{\"@id\":\"https:\/\/milimat.eu\/#organization\"},\"potentialAction\":[{\"@type\":\"SearchAction\",\"target\":{\"@type\":\"EntryPoint\",\"urlTemplate\":\"https:\/\/milimat.eu\/?s={search_term_string}\"},\"query-input\":{\"@type\":\"PropertyValueSpecification\",\"valueRequired\":true,\"valueName\":\"search_term_string\"}}],\"inLanguage\":\"it-IT\"},{\"@type\":\"Organization\",\"@id\":\"https:\/\/milimat.eu\/#organization\",\"name\":\"MILIMAT\",\"url\":\"https:\/\/milimat.eu\/\",\"logo\":{\"@type\":\"ImageObject\",\"inLanguage\":\"it-IT\",\"@id\":\"https:\/\/milimat.eu\/#\/schema\/logo\/image\/\",\"url\":\"https:\/\/milimat.eu\/wp-content\/uploads\/2023\/02\/MILIMAT_logo.png\",\"contentUrl\":\"https:\/\/milimat.eu\/wp-content\/uploads\/2023\/02\/MILIMAT_logo.png\",\"width\":4838,\"height\":1475,\"caption\":\"MILIMAT\"},\"image\":{\"@id\":\"https:\/\/milimat.eu\/#\/schema\/logo\/image\/\"}}]}<\/script>\n<!-- \/ Yoast SEO plugin. -->","yoast_head_json":{"title":"Politica sulla privacy - MILIMAT","robots":{"index":"index","follow":"follow","max-snippet":"max-snippet:-1","max-image-preview":"max-image-preview:large","max-video-preview":"max-video-preview:-1"},"canonical":"https:\/\/milimat.eu\/privacy-policy","og_locale":"it_IT","og_type":"article","og_title":"Politica sulla privacy - MILIMAT","og_description":"Home > In MILIMAT prendiamo molto sul serio la protezione dei dati personali. Il nostro scopo \u00e8 proteggere la riservatezza dei dati che ci fornisci e rispettare le normative vigenti in materia di protezione dei dati personali. In conformit\u00e0 con la legge 3\/2018 del 5 dicembre sulla protezione dei dati personali e sulla garanzia dei [&hellip;]","og_url":"https:\/\/milimat.eu\/privacy-policy","og_site_name":"MILIMAT","article_modified_time":"2024-05-20T09:53:36+00:00","twitter_card":"summary_large_image","twitter_misc":{"Tempo di lettura stimato":"2 minuti"},"schema":{"@context":"https:\/\/schema.org","@graph":[{"@type":"WebPage","@id":"https:\/\/milimat.eu\/privacy-policy","url":"https:\/\/milimat.eu\/privacy-policy","name":"Politica sulla privacy - MILIMAT","isPartOf":{"@id":"https:\/\/milimat.eu\/#website"},"datePublished":"2024-05-15T07:32:57+00:00","dateModified":"2024-05-20T09:53:36+00:00","breadcrumb":{"@id":"https:\/\/milimat.eu\/privacy-policy#breadcrumb"},"inLanguage":"it-IT","potentialAction":[{"@type":"ReadAction","target":["https:\/\/milimat.eu\/privacy-policy"]}]},{"@type":"BreadcrumbList","@id":"https:\/\/milimat.eu\/privacy-policy#breadcrumb","itemListElement":[{"@type":"ListItem","position":1,"name":"Home","item":"https:\/\/milimat.eu\/"},{"@type":"ListItem","position":2,"name":"Politica sulla privacy"}]},{"@type":"WebSite","@id":"https:\/\/milimat.eu\/#website","url":"https:\/\/milimat.eu\/","name":"MILIMAT","description":"","publisher":{"@id":"https:\/\/milimat.eu\/#organization"},"potentialAction":[{"@type":"SearchAction","target":{"@type":"EntryPoint","urlTemplate":"https:\/\/milimat.eu\/?s={search_term_string}"},"query-input":{"@type":"PropertyValueSpecification","valueRequired":true,"valueName":"search_term_string"}}],"inLanguage":"it-IT"},{"@type":"Organization","@id":"https:\/\/milimat.eu\/#organization","name":"MILIMAT","url":"https:\/\/milimat.eu\/","logo":{"@type":"ImageObject","inLanguage":"it-IT","@id":"https:\/\/milimat.eu\/#\/schema\/logo\/image\/","url":"https:\/\/milimat.eu\/wp-content\/uploads\/2023\/02\/MILIMAT_logo.png","contentUrl":"https:\/\/milimat.eu\/wp-content\/uploads\/2023\/02\/MILIMAT_logo.png","width":4838,"height":1475,"caption":"MILIMAT"},"image":{"@id":"https:\/\/milimat.eu\/#\/schema\/logo\/image\/"}}]}},"_links":{"self":[{"href":"https:\/\/milimat.eu\/it\/wp-json\/wp\/v2\/pages\/1374","targetHints":{"allow":["GET"]}}],"collection":[{"href":"https:\/\/milimat.eu\/it\/wp-json\/wp\/v2\/pages"}],"about":[{"href":"https:\/\/milimat.eu\/it\/wp-json\/wp\/v2\/types\/page"}],"author":[{"embeddable":true,"href":"https:\/\/milimat.eu\/it\/wp-json\/wp\/v2\/users\/1"}],"replies":[{"embeddable":true,"href":"https:\/\/milimat.eu\/it\/wp-json\/wp\/v2\/comments?post=1374"}],"version-history":[{"count":4,"href":"https:\/\/milimat.eu\/it\/wp-json\/wp\/v2\/pages\/1374\/revisions"}],"predecessor-version":[{"id":1403,"href":"https:\/\/milimat.eu\/it\/wp-json\/wp\/v2\/pages\/1374\/revisions\/1403"}],"wp:attachment":[{"href":"https:\/\/milimat.eu\/it\/wp-json\/wp\/v2\/media?parent=1374"}],"curies":[{"name":"wp","href":"https:\/\/api.w.org\/{rel}","templated":true}]}}