{"id":1385,"date":"2024-05-15T07:32:57","date_gmt":"2024-05-15T07:32:57","guid":{"rendered":"https:\/\/milimat.eu\/politique-de-confidentialite"},"modified":"2024-05-20T09:53:37","modified_gmt":"2024-05-20T09:53:37","slug":"politique-de-confidentialite","status":"publish","type":"page","link":"https:\/\/milimat.eu\/fr\/politique-de-confidentialite","title":{"rendered":"Politique de confidentialit\u00e9"},"content":{"rendered":"\t\t<div data-elementor-type=\"wp-page\" data-elementor-id=\"1385\" class=\"elementor elementor-1385 elementor-1338\" data-elementor-post-type=\"page\">\n\t\t\t\t<div data-dce-background-color=\"#0D5E26\" class=\"elementor-element elementor-element-dd555be e-con-full e-flex e-con e-parent\" data-id=\"dd555be\" data-element_type=\"container\" data-settings=\"{&quot;background_background&quot;:&quot;classic&quot;}\">\n\t\t<div class=\"elementor-element elementor-element-f6dcb87 e-con-full e-flex e-con e-child\" data-id=\"f6dcb87\" data-element_type=\"container\">\n\t\t<div data-dce-background-color=\"#258749\" class=\"elementor-element elementor-element-9e12096 e-con-full e-flex e-con e-child\" data-id=\"9e12096\" data-element_type=\"container\" data-settings=\"{&quot;background_background&quot;:&quot;classic&quot;}\">\n\t\t\t\t<div class=\"elementor-element elementor-element-2753c89 elementor-widget__width-auto elementor-widget elementor-widget-heading\" data-id=\"2753c89\" data-element_type=\"widget\" data-widget_type=\"heading.default\">\n\t\t\t\t<div class=\"elementor-widget-container\">\n\t\t\t\t\t<span class=\"elementor-heading-title elementor-size-default\"><a href=\"https:\/\/milimat.eu\/home\">Accueil<\/a><\/span>\t\t\t\t<\/div>\n\t\t\t\t<\/div>\n\t\t\t\t<div class=\"elementor-element elementor-element-5b6901c elementor-widget__width-auto elementor-widget elementor-widget-heading\" data-id=\"5b6901c\" data-element_type=\"widget\" data-widget_type=\"heading.default\">\n\t\t\t\t<div class=\"elementor-widget-container\">\n\t\t\t\t\t<span class=\"elementor-heading-title elementor-size-default\">><\/span>\t\t\t\t<\/div>\n\t\t\t\t<\/div>\n\t\t\t\t<\/div>\n\t\t<div class=\"elementor-element elementor-element-dd575c9 e-con-full e-flex e-con e-child\" data-id=\"dd575c9\" data-element_type=\"container\">\n\t\t\t\t<div class=\"elementor-element elementor-element-f3b2474 elementor-widget elementor-widget-theme-post-title elementor-page-title elementor-widget-heading\" data-id=\"f3b2474\" data-element_type=\"widget\" data-widget_type=\"theme-post-title.default\">\n\t\t\t\t<div class=\"elementor-widget-container\">\n\t\t\t\t\t<h1 class=\"elementor-heading-title elementor-size-default\">Politique de confidentialit\u00e9<\/h1>\t\t\t\t<\/div>\n\t\t\t\t<\/div>\n\t\t\t\t<\/div>\n\t\t\t\t<\/div>\n\t\t\t\t<\/div>\n\t\t<div class=\"elementor-element elementor-element-86d001f e-flex e-con-boxed e-con e-parent\" data-id=\"86d001f\" data-element_type=\"container\">\n\t\t\t\t\t<div class=\"e-con-inner\">\n\t\t\t\t<div class=\"elementor-element elementor-element-5d1b474 elementor-widget elementor-widget-text-editor\" data-id=\"5d1b474\" data-element_type=\"widget\" data-widget_type=\"text-editor.default\">\n\t\t\t\t<div class=\"elementor-widget-container\">\n\t\t\t\t\t\t\t\t\t<p>Chez MILIMAT, nous prenons tr\u00e8s au s\u00e9rieux la protection de vos donn\u00e9es personnelles. Notre objectif est de prot\u00e9ger la confidentialit\u00e9 des donn\u00e9es que vous nous fournissez et de nous conformer \u00e0 la r\u00e9glementation en vigueur en mati\u00e8re de protection des donn\u00e9es personnelles. <\/p>\n<p><span style=\"font-weight: 400;\">Conform\u00e9ment \u00e0 la loi 3\/2018 du 5 d\u00e9cembre sur la protection des donn\u00e9es personnelles et la garantie des droits num\u00e9riques transposant le r\u00e8glement (UE) 2016\/679, nous vous informons des informations suivantes sur notre politique de confidentialit\u00e9 et de protection des donn\u00e9es:<\/span><\/p>\n\t\t\t\t\t\t\t\t<\/div>\n\t\t\t\t<\/div>\n\t\t\t\t<div class=\"elementor-element elementor-element-1a75446 elementor-widget elementor-widget-heading\" data-id=\"1a75446\" data-element_type=\"widget\" data-widget_type=\"heading.default\">\n\t\t\t\t<div class=\"elementor-widget-container\">\n\t\t\t\t\t<h3 class=\"elementor-heading-title elementor-size-default\">Qui est le responsable du traitement de vos donn\u00e9es?<\/h3>\t\t\t\t<\/div>\n\t\t\t\t<\/div>\n\t\t\t\t<div class=\"elementor-element elementor-element-bc02843 elementor-widget elementor-widget-text-editor\" data-id=\"bc02843\" data-element_type=\"widget\" data-widget_type=\"text-editor.default\">\n\t\t\t\t<div class=\"elementor-widget-container\">\n\t\t\t\t\t\t\t\t\t<p>L&rsquo;organisation responsable de vos donn\u00e9es est CIA-Agricoltori Italiani Umbria. Il s&rsquo;agit d&rsquo;une association situ\u00e9e \u00e0 P\u00e9rouse, en Italie. <\/p>\n<p><\/p>\t\t\t\t\t\t\t\t<\/div>\n\t\t\t\t<\/div>\n\t\t<div class=\"elementor-element elementor-element-64e51e0 e-flex e-con-boxed e-con e-child\" data-id=\"64e51e0\" data-element_type=\"container\">\n\t\t\t\t\t<div class=\"e-con-inner\">\n\t\t<div class=\"elementor-element elementor-element-b26dd87 e-flex e-con-boxed e-con e-child\" data-id=\"b26dd87\" data-element_type=\"container\" data-settings=\"{&quot;background_background&quot;:&quot;classic&quot;}\">\n\t\t\t\t\t<div class=\"e-con-inner\">\n\t\t\t\t<div class=\"elementor-element elementor-element-c1fd097 elementor-widget__width-initial elementor-widget elementor-widget-heading\" data-id=\"c1fd097\" data-element_type=\"widget\" data-widget_type=\"heading.default\">\n\t\t\t\t<div class=\"elementor-widget-container\">\n\t\t\t\t\t<div class=\"elementor-heading-title elementor-size-default\">Adresse<\/div>\t\t\t\t<\/div>\n\t\t\t\t<\/div>\n\t\t\t\t<div class=\"elementor-element elementor-element-58335cc elementor-widget__width-initial elementor-widget elementor-widget-heading\" data-id=\"58335cc\" data-element_type=\"widget\" data-widget_type=\"heading.default\">\n\t\t\t\t<div class=\"elementor-widget-container\">\n\t\t\t\t\t<div class=\"elementor-heading-title elementor-size-default\">via Mario Angeloni, 1 - 06124 Perugia (IT)<\/div>\t\t\t\t<\/div>\n\t\t\t\t<\/div>\n\t\t\t\t\t<\/div>\n\t\t\t\t<\/div>\n\t\t<div class=\"elementor-element elementor-element-b85c5fe e-flex e-con-boxed e-con e-child\" data-id=\"b85c5fe\" data-element_type=\"container\">\n\t\t\t\t\t<div class=\"e-con-inner\">\n\t\t\t\t<div class=\"elementor-element elementor-element-067c094 elementor-widget__width-initial elementor-widget elementor-widget-heading\" data-id=\"067c094\" data-element_type=\"widget\" data-widget_type=\"heading.default\">\n\t\t\t\t<div class=\"elementor-widget-container\">\n\t\t\t\t\t<div class=\"elementor-heading-title elementor-size-default\">Contact par mail<\/div>\t\t\t\t<\/div>\n\t\t\t\t<\/div>\n\t\t\t\t<div class=\"elementor-element elementor-element-f2de369 elementor-widget__width-initial elementor-widget elementor-widget-heading\" data-id=\"f2de369\" data-element_type=\"widget\" data-widget_type=\"heading.default\">\n\t\t\t\t<div class=\"elementor-widget-container\">\n\t\t\t\t\t<div class=\"elementor-heading-title elementor-size-default\"><a href=\"mailto:umbria@cia.it\">umbria@cia.it<\/a><\/div>\t\t\t\t<\/div>\n\t\t\t\t<\/div>\n\t\t\t\t\t<\/div>\n\t\t\t\t<\/div>\n\t\t<div class=\"elementor-element elementor-element-bf78a7a e-flex e-con-boxed e-con e-child\" data-id=\"bf78a7a\" data-element_type=\"container\" data-settings=\"{&quot;background_background&quot;:&quot;classic&quot;}\">\n\t\t\t\t\t<div class=\"e-con-inner\">\n\t\t\t\t<div class=\"elementor-element elementor-element-b2f5b24 elementor-widget__width-initial elementor-widget elementor-widget-heading\" data-id=\"b2f5b24\" data-element_type=\"widget\" data-widget_type=\"heading.default\">\n\t\t\t\t<div class=\"elementor-widget-container\">\n\t\t\t\t\t<div class=\"elementor-heading-title elementor-size-default\">T\u00e9l\u00e9phone<\/div>\t\t\t\t<\/div>\n\t\t\t\t<\/div>\n\t\t\t\t<div class=\"elementor-element elementor-element-cbb3b2d elementor-widget__width-initial elementor-widget elementor-widget-heading\" data-id=\"cbb3b2d\" data-element_type=\"widget\" data-widget_type=\"heading.default\">\n\t\t\t\t<div class=\"elementor-widget-container\">\n\t\t\t\t\t<div class=\"elementor-heading-title elementor-size-default\">0039 75 7971056<\/div>\t\t\t\t<\/div>\n\t\t\t\t<\/div>\n\t\t\t\t\t<\/div>\n\t\t\t\t<\/div>\n\t\t\t\t\t<\/div>\n\t\t\t\t<\/div>\n\t\t\t\t\t<\/div>\n\t\t\t\t<\/div>\n\t\t<div class=\"elementor-element elementor-element-cdbe8d7 e-flex e-con-boxed e-con e-parent\" data-id=\"cdbe8d7\" data-element_type=\"container\" data-settings=\"{&quot;background_background&quot;:&quot;classic&quot;}\">\n\t\t\t\t\t<div class=\"e-con-inner\">\n\t\t\t\t<div class=\"elementor-element elementor-element-5e1bf76 elementor-widget elementor-widget-heading\" data-id=\"5e1bf76\" data-element_type=\"widget\" data-widget_type=\"heading.default\">\n\t\t\t\t<div class=\"elementor-widget-container\">\n\t\t\t\t\t<h3 class=\"elementor-heading-title elementor-size-default\">Quel est l'objectif du traitement?<\/h3>\t\t\t\t<\/div>\n\t\t\t\t<\/div>\n\t\t\t\t<div class=\"elementor-element elementor-element-613103c elementor-widget elementor-widget-text-editor\" data-id=\"613103c\" data-element_type=\"widget\" data-widget_type=\"text-editor.default\">\n\t\t\t\t<div class=\"elementor-widget-container\">\n\t\t\t\t\t\t\t\t\t<ul>\n<li style=\"font-weight: 400;\" aria-level=\"1\"><span style=\"font-weight: 400;\">R\u00e9pondre aux demandes, plaintes et incidents transmis par le biais de nos canaux de contact incorpor\u00e9s dans le site web.<\/span><\/li>\n<li style=\"font-weight: 400;\" aria-level=\"1\"><span style=\"font-weight: 400;\">Comprendre le comportement du navigateur dans le web afin de d\u00e9tecter d\u2019\u00e9ventuelles attaques informatiques sur notre web.<\/span><\/li>\n<li style=\"font-weight: 400;\" aria-level=\"1\"><span style=\"font-weight: 400;\">Respecter les obligations l\u00e9gales qui nous sont directement applicables et qui r\u00e9glementent notre activit\u00e9.<\/span><\/li>\n<li style=\"font-weight: 400;\" aria-level=\"1\"><span style=\"font-weight: 400;\">Prot\u00e9ger et exercer nos droits ou r\u00e9pondre \u00e0 des plaintes de toute nature.<\/span><\/li>\n<li style=\"font-weight: 400;\" aria-level=\"1\"><span style=\"font-weight: 400;\">Envoi de bulletins d\u2019information concernant les biens ou services qui composent l\u2019activit\u00e9 du responsable ou des nouvelles li\u00e9es \u00e0 son activit\u00e9.<\/span><\/li>\n<\/ul>\n\t\t\t\t\t\t\t\t<\/div>\n\t\t\t\t<\/div>\n\t\t\t\t<div class=\"elementor-element elementor-element-4b76d8e elementor-widget elementor-widget-heading\" data-id=\"4b76d8e\" data-element_type=\"widget\" data-widget_type=\"heading.default\">\n\t\t\t\t<div class=\"elementor-widget-container\">\n\t\t\t\t\t<h3 class=\"elementor-heading-title elementor-size-default\">Quelle est la base juridique du traitement?<\/h3>\t\t\t\t<\/div>\n\t\t\t\t<\/div>\n\t\t\t\t<div class=\"elementor-element elementor-element-a5c8431 elementor-widget elementor-widget-text-editor\" data-id=\"a5c8431\" data-element_type=\"widget\" data-widget_type=\"text-editor.default\">\n\t\t\t\t<div class=\"elementor-widget-container\">\n\t\t\t\t\t\t\t\t\t<p><span style=\"font-weight: 400;\">La base juridique du traitement de vos donn\u00e9es est le consentement de la personne concern\u00e9e en vertu de l\u2019article 6.1 a) du r\u00e8glement, ainsi que l\u2019int\u00e9r\u00eat l\u00e9gitime du responsable du traitement en vertu de l\u2019article 6.1 f) du r\u00e8glement.<\/span><\/p>\n<p><span style=\"font-weight: 400;\">Les donn\u00e9es que nous vous demandons sont ad\u00e9quates, pertinentes et strictement n\u00e9cessaires et en aucun cas vous n\u2019\u00eates oblig\u00e9 de nous les fournir, mais leur non-communication peut affecter la finalit\u00e9 du service ou l\u2019impossibilit\u00e9 de le fournir.<\/span><\/p>\n\t\t\t\t\t\t\t\t<\/div>\n\t\t\t\t<\/div>\n\t\t\t\t\t<\/div>\n\t\t\t\t<\/div>\n\t\t<div class=\"elementor-element elementor-element-2297be9 e-flex e-con-boxed e-con e-parent\" data-id=\"2297be9\" data-element_type=\"container\">\n\t\t\t\t\t<div class=\"e-con-inner\">\n\t\t\t\t<div class=\"elementor-element elementor-element-e910f7b elementor-widget elementor-widget-heading\" data-id=\"e910f7b\" data-element_type=\"widget\" data-widget_type=\"heading.default\">\n\t\t\t\t<div class=\"elementor-widget-container\">\n\t\t\t\t\t<h3 class=\"elementor-heading-title elementor-size-default\">Pendant combien de temps conservons-nous vos donn\u00e9es?<\/h3>\t\t\t\t<\/div>\n\t\t\t\t<\/div>\n\t\t\t\t<div class=\"elementor-element elementor-element-126e7e1 elementor-widget elementor-widget-text-editor\" data-id=\"126e7e1\" data-element_type=\"widget\" data-widget_type=\"text-editor.default\">\n\t\t\t\t<div class=\"elementor-widget-container\">\n\t\t\t\t\t\t\t\t\t<p><span data-sheets-value=\"{\"1\":2,\"2\":\"Your data will be kept for the time required for the proper provision of the service offered, as well as to meet the responsibilities that may arise from it and any other legal requirement.\"}\" data-sheets-userformat=\"{\"2\":15235,\"3\":{\"1\":0},\"4\":{\"1\":2,\"2\":16777215},\"10\":0,\"11\":4,\"12\":0,\"14\":{\"1\":3,\"3\":1},\"15\":\"Calibri\",\"16\":12}\">Vos donn\u00e9es seront conserv\u00e9es pendant la dur\u00e9e n\u00e9cessaire \u00e0 la bonne prestation du service offert, ainsi que pour faire face aux responsabilit\u00e9s qui peuvent en d\u00e9couler et \u00e0 toute autre exigence l\u00e9gale.<\/span><\/p>\n\t\t\t\t\t\t\t\t<\/div>\n\t\t\t\t<\/div>\n\t\t\t\t<div class=\"elementor-element elementor-element-0a6e2fe elementor-widget elementor-widget-heading\" data-id=\"0a6e2fe\" data-element_type=\"widget\" data-widget_type=\"heading.default\">\n\t\t\t\t<div class=\"elementor-widget-container\">\n\t\t\t\t\t<h3 class=\"elementor-heading-title elementor-size-default\">Quels sont les destinataires qui recevront vos donn\u00e9es?<\/h3>\t\t\t\t<\/div>\n\t\t\t\t<\/div>\n\t\t\t\t<div class=\"elementor-element elementor-element-2cc1de6 elementor-widget elementor-widget-text-editor\" data-id=\"2cc1de6\" data-element_type=\"widget\" data-widget_type=\"text-editor.default\">\n\t\t\t\t<div class=\"elementor-widget-container\">\n\t\t\t\t\t\t\t\t\t<p>Dans le cadre du traitement de vos donn\u00e9es, <strong>CIA-Agricoltori Italiani Umbria <\/strong> peut partager vos donn\u00e9es avec :<\/p>\n<p><strong>On Projects Advising SL<\/strong>, en tant que prestataires de services de gestion et de maintenance de sites web.<\/p>\n\t\t\t\t\t\t\t\t<\/div>\n\t\t\t\t<\/div>\n\t\t\t\t\t<\/div>\n\t\t\t\t<\/div>\n\t\t<div class=\"elementor-element elementor-element-f7db814 e-flex e-con-boxed e-con e-parent\" data-id=\"f7db814\" data-element_type=\"container\" data-settings=\"{&quot;background_background&quot;:&quot;classic&quot;}\">\n\t\t\t\t\t<div class=\"e-con-inner\">\n\t\t\t\t<div class=\"elementor-element elementor-element-eba94ad elementor-widget elementor-widget-heading\" data-id=\"eba94ad\" data-element_type=\"widget\" data-widget_type=\"heading.default\">\n\t\t\t\t<div class=\"elementor-widget-container\">\n\t\t\t\t\t<h3 class=\"elementor-heading-title elementor-size-default\">Quels sont mes droits?<\/h3>\t\t\t\t<\/div>\n\t\t\t\t<\/div>\n\t\t\t\t<div class=\"elementor-element elementor-element-80f8e2d elementor-widget elementor-widget-text-editor\" data-id=\"80f8e2d\" data-element_type=\"widget\" data-widget_type=\"text-editor.default\">\n\t\t\t\t<div class=\"elementor-widget-container\">\n\t\t\t\t\t\t\t\t\t<ul>\n<li style=\"font-weight: 400;\" aria-level=\"1\"><span style=\"font-weight: 400;\">Droit d\u2019acc\u00e8s: le droit d\u2019obtenir la confirmation que des donn\u00e9es personnelles sont trait\u00e9es, ainsi que le droit d\u2019acc\u00e8s \u00e0 ces donn\u00e9es.<\/span><\/li>\n<li style=\"font-weight: 400;\" aria-level=\"1\"><span style=\"font-weight: 400;\">Droit de rectification des donn\u00e9es personnelles.<\/span><\/li>\n<li style=\"font-weight: 400;\" aria-level=\"1\"><span style=\"font-weight: 400;\">Droit \u00e0 l\u2019effacement<\/span><\/li>\n<li style=\"font-weight: 400;\" aria-level=\"1\"><span style=\"font-weight: 400;\">Droit \u00e0 la limitation du traitement<\/span><\/li>\n<li style=\"font-weight: 400;\" aria-level=\"1\"><span style=\"font-weight: 400;\">Droit \u00e0 la portabilit\u00e9 des donn\u00e9es<\/span><\/li>\n<li style=\"font-weight: 400;\" aria-level=\"1\"><span style=\"font-weight: 400;\">Droit d\u2019opposition: le droit de s\u2019opposer au traitement des donn\u00e9es.<\/span><\/li>\n<\/ul>\n\t\t\t\t\t\t\t\t<\/div>\n\t\t\t\t<\/div>\n\t\t\t\t<div class=\"elementor-element elementor-element-6ea118f elementor-widget elementor-widget-text-editor\" data-id=\"6ea118f\" data-element_type=\"widget\" data-widget_type=\"text-editor.default\">\n\t\t\t\t<div class=\"elementor-widget-container\">\n\t\t\t\t\t\t\t\t\t<p><span style=\"font-weight: 400;\">Le responsable du traitement conserve le droit de restreindre les droits \u00e9nonc\u00e9s \u00e0 l\u2019article 23 du r\u00e8glement de l\u2019UE, si cette restriction est pr\u00e9vue pour sauvegarder, en particulier, les droits et libert\u00e9s fondamentaux et constitue une mesure n\u00e9cessaire et proportionn\u00e9e.<\/span><\/p>\n\t\t\t\t\t\t\t\t<\/div>\n\t\t\t\t<\/div>\n\t\t\t\t<div class=\"elementor-element elementor-element-dae50b6 elementor-widget elementor-widget-heading\" data-id=\"dae50b6\" data-element_type=\"widget\" data-widget_type=\"heading.default\">\n\t\t\t\t<div class=\"elementor-widget-container\">\n\t\t\t\t\t<h3 class=\"elementor-heading-title elementor-size-default\">O\u00f9 puis-je d\u00e9poser une plainte ?<\/h3>\t\t\t\t<\/div>\n\t\t\t\t<\/div>\n\t\t\t\t<div class=\"elementor-element elementor-element-b0486bd elementor-widget elementor-widget-text-editor\" data-id=\"b0486bd\" data-element_type=\"widget\" data-widget_type=\"text-editor.default\">\n\t\t\t\t<div class=\"elementor-widget-container\">\n\t\t\t\t\t\t\t\t\t<p>Si une partie int\u00e9ress\u00e9e estime que ses donn\u00e9es ne sont pas trait\u00e9es correctement, elle peut envoyer ses plaintes \u00e0 l\u2019adresse \u00e9lectronique suivante: <a href=\"mailto:a.palomba@cia.it\">a.palomba@cia.it<\/a>.<\/p>\n<p>La personne concern\u00e9e d\u00e9clare avoir acquis toutes ces informations.<\/p>\n\t\t\t\t\t\t\t\t<\/div>\n\t\t\t\t<\/div>\n\t\t\t\t\t<\/div>\n\t\t\t\t<\/div>\n\t\t\t\t<\/div>\n\t\t","protected":false},"excerpt":{"rendered":"<p>Accueil > Chez MILIMAT, nous prenons tr\u00e8s au s\u00e9rieux la protection de vos donn\u00e9es personnelles. Notre objectif est de prot\u00e9ger la confidentialit\u00e9 des donn\u00e9es que vous nous fournissez et de nous conformer \u00e0 la r\u00e9glementation en vigueur en mati\u00e8re de protection des donn\u00e9es personnelles. Conform\u00e9ment \u00e0 la loi 3\/2018 du 5 d\u00e9cembre sur la protection [&hellip;]<\/p>\n","protected":false},"author":1,"featured_media":0,"parent":0,"menu_order":0,"comment_status":"closed","ping_status":"closed","template":"elementor_header_footer","meta":{"_acf_changed":false,"footnotes":""},"class_list":["post-1385","page","type-page","status-publish","hentry"],"acf":[],"yoast_head":"<!-- This site is optimized with the Yoast SEO plugin v24.7 - https:\/\/yoast.com\/wordpress\/plugins\/seo\/ -->\n<title>Politique de confidentialit\u00e9 - MILIMAT<\/title>\n<meta name=\"robots\" content=\"index, follow, max-snippet:-1, max-image-preview:large, max-video-preview:-1\" \/>\n<link rel=\"canonical\" href=\"https:\/\/milimat.eu\/privacy-policy\" \/>\n<meta property=\"og:locale\" content=\"fr_FR\" \/>\n<meta property=\"og:type\" content=\"article\" \/>\n<meta property=\"og:title\" content=\"Politique de confidentialit\u00e9 - MILIMAT\" \/>\n<meta property=\"og:description\" content=\"Accueil &gt; Chez MILIMAT, nous prenons tr\u00e8s au s\u00e9rieux la protection de vos donn\u00e9es personnelles. Notre objectif est de prot\u00e9ger la confidentialit\u00e9 des donn\u00e9es que vous nous fournissez et de nous conformer \u00e0 la r\u00e9glementation en vigueur en mati\u00e8re de protection des donn\u00e9es personnelles. Conform\u00e9ment \u00e0 la loi 3\/2018 du 5 d\u00e9cembre sur la protection [&hellip;]\" \/>\n<meta property=\"og:url\" content=\"https:\/\/milimat.eu\/privacy-policy\" \/>\n<meta property=\"og:site_name\" content=\"MILIMAT\" \/>\n<meta property=\"article:modified_time\" content=\"2024-05-20T09:53:37+00:00\" \/>\n<meta name=\"twitter:card\" content=\"summary_large_image\" \/>\n<meta name=\"twitter:label1\" content=\"Dur\u00e9e de lecture estim\u00e9e\" \/>\n\t<meta name=\"twitter:data1\" content=\"3 minutes\" \/>\n<script type=\"application\/ld+json\" class=\"yoast-schema-graph\">{\"@context\":\"https:\/\/schema.org\",\"@graph\":[{\"@type\":\"WebPage\",\"@id\":\"https:\/\/milimat.eu\/privacy-policy\",\"url\":\"https:\/\/milimat.eu\/privacy-policy\",\"name\":\"Politique de confidentialit\u00e9 - MILIMAT\",\"isPartOf\":{\"@id\":\"https:\/\/milimat.eu\/#website\"},\"datePublished\":\"2024-05-15T07:32:57+00:00\",\"dateModified\":\"2024-05-20T09:53:37+00:00\",\"breadcrumb\":{\"@id\":\"https:\/\/milimat.eu\/privacy-policy#breadcrumb\"},\"inLanguage\":\"fr-FR\",\"potentialAction\":[{\"@type\":\"ReadAction\",\"target\":[\"https:\/\/milimat.eu\/privacy-policy\"]}]},{\"@type\":\"BreadcrumbList\",\"@id\":\"https:\/\/milimat.eu\/privacy-policy#breadcrumb\",\"itemListElement\":[{\"@type\":\"ListItem\",\"position\":1,\"name\":\"Home\",\"item\":\"https:\/\/milimat.eu\/\"},{\"@type\":\"ListItem\",\"position\":2,\"name\":\"Politique de confidentialit\u00e9\"}]},{\"@type\":\"WebSite\",\"@id\":\"https:\/\/milimat.eu\/#website\",\"url\":\"https:\/\/milimat.eu\/\",\"name\":\"MILIMAT\",\"description\":\"\",\"publisher\":{\"@id\":\"https:\/\/milimat.eu\/#organization\"},\"potentialAction\":[{\"@type\":\"SearchAction\",\"target\":{\"@type\":\"EntryPoint\",\"urlTemplate\":\"https:\/\/milimat.eu\/?s={search_term_string}\"},\"query-input\":{\"@type\":\"PropertyValueSpecification\",\"valueRequired\":true,\"valueName\":\"search_term_string\"}}],\"inLanguage\":\"fr-FR\"},{\"@type\":\"Organization\",\"@id\":\"https:\/\/milimat.eu\/#organization\",\"name\":\"MILIMAT\",\"url\":\"https:\/\/milimat.eu\/\",\"logo\":{\"@type\":\"ImageObject\",\"inLanguage\":\"fr-FR\",\"@id\":\"https:\/\/milimat.eu\/#\/schema\/logo\/image\/\",\"url\":\"https:\/\/milimat.eu\/wp-content\/uploads\/2023\/02\/MILIMAT_logo.png\",\"contentUrl\":\"https:\/\/milimat.eu\/wp-content\/uploads\/2023\/02\/MILIMAT_logo.png\",\"width\":4838,\"height\":1475,\"caption\":\"MILIMAT\"},\"image\":{\"@id\":\"https:\/\/milimat.eu\/#\/schema\/logo\/image\/\"}}]}<\/script>\n<!-- \/ Yoast SEO plugin. -->","yoast_head_json":{"title":"Politique de confidentialit\u00e9 - MILIMAT","robots":{"index":"index","follow":"follow","max-snippet":"max-snippet:-1","max-image-preview":"max-image-preview:large","max-video-preview":"max-video-preview:-1"},"canonical":"https:\/\/milimat.eu\/privacy-policy","og_locale":"fr_FR","og_type":"article","og_title":"Politique de confidentialit\u00e9 - MILIMAT","og_description":"Accueil > Chez MILIMAT, nous prenons tr\u00e8s au s\u00e9rieux la protection de vos donn\u00e9es personnelles. Notre objectif est de prot\u00e9ger la confidentialit\u00e9 des donn\u00e9es que vous nous fournissez et de nous conformer \u00e0 la r\u00e9glementation en vigueur en mati\u00e8re de protection des donn\u00e9es personnelles. Conform\u00e9ment \u00e0 la loi 3\/2018 du 5 d\u00e9cembre sur la protection [&hellip;]","og_url":"https:\/\/milimat.eu\/privacy-policy","og_site_name":"MILIMAT","article_modified_time":"2024-05-20T09:53:37+00:00","twitter_card":"summary_large_image","twitter_misc":{"Dur\u00e9e de lecture estim\u00e9e":"3 minutes"},"schema":{"@context":"https:\/\/schema.org","@graph":[{"@type":"WebPage","@id":"https:\/\/milimat.eu\/privacy-policy","url":"https:\/\/milimat.eu\/privacy-policy","name":"Politique de confidentialit\u00e9 - MILIMAT","isPartOf":{"@id":"https:\/\/milimat.eu\/#website"},"datePublished":"2024-05-15T07:32:57+00:00","dateModified":"2024-05-20T09:53:37+00:00","breadcrumb":{"@id":"https:\/\/milimat.eu\/privacy-policy#breadcrumb"},"inLanguage":"fr-FR","potentialAction":[{"@type":"ReadAction","target":["https:\/\/milimat.eu\/privacy-policy"]}]},{"@type":"BreadcrumbList","@id":"https:\/\/milimat.eu\/privacy-policy#breadcrumb","itemListElement":[{"@type":"ListItem","position":1,"name":"Home","item":"https:\/\/milimat.eu\/"},{"@type":"ListItem","position":2,"name":"Politique de confidentialit\u00e9"}]},{"@type":"WebSite","@id":"https:\/\/milimat.eu\/#website","url":"https:\/\/milimat.eu\/","name":"MILIMAT","description":"","publisher":{"@id":"https:\/\/milimat.eu\/#organization"},"potentialAction":[{"@type":"SearchAction","target":{"@type":"EntryPoint","urlTemplate":"https:\/\/milimat.eu\/?s={search_term_string}"},"query-input":{"@type":"PropertyValueSpecification","valueRequired":true,"valueName":"search_term_string"}}],"inLanguage":"fr-FR"},{"@type":"Organization","@id":"https:\/\/milimat.eu\/#organization","name":"MILIMAT","url":"https:\/\/milimat.eu\/","logo":{"@type":"ImageObject","inLanguage":"fr-FR","@id":"https:\/\/milimat.eu\/#\/schema\/logo\/image\/","url":"https:\/\/milimat.eu\/wp-content\/uploads\/2023\/02\/MILIMAT_logo.png","contentUrl":"https:\/\/milimat.eu\/wp-content\/uploads\/2023\/02\/MILIMAT_logo.png","width":4838,"height":1475,"caption":"MILIMAT"},"image":{"@id":"https:\/\/milimat.eu\/#\/schema\/logo\/image\/"}}]}},"_links":{"self":[{"href":"https:\/\/milimat.eu\/fr\/wp-json\/wp\/v2\/pages\/1385","targetHints":{"allow":["GET"]}}],"collection":[{"href":"https:\/\/milimat.eu\/fr\/wp-json\/wp\/v2\/pages"}],"about":[{"href":"https:\/\/milimat.eu\/fr\/wp-json\/wp\/v2\/types\/page"}],"author":[{"embeddable":true,"href":"https:\/\/milimat.eu\/fr\/wp-json\/wp\/v2\/users\/1"}],"replies":[{"embeddable":true,"href":"https:\/\/milimat.eu\/fr\/wp-json\/wp\/v2\/comments?post=1385"}],"version-history":[{"count":4,"href":"https:\/\/milimat.eu\/fr\/wp-json\/wp\/v2\/pages\/1385\/revisions"}],"predecessor-version":[{"id":1406,"href":"https:\/\/milimat.eu\/fr\/wp-json\/wp\/v2\/pages\/1385\/revisions\/1406"}],"wp:attachment":[{"href":"https:\/\/milimat.eu\/fr\/wp-json\/wp\/v2\/media?parent=1385"}],"curies":[{"name":"wp","href":"https:\/\/api.w.org\/{rel}","templated":true}]}}