{"id":1381,"date":"2024-05-15T07:32:57","date_gmt":"2024-05-15T07:32:57","guid":{"rendered":"https:\/\/milimat.eu\/datenschutz"},"modified":"2024-05-20T09:53:37","modified_gmt":"2024-05-20T09:53:37","slug":"datenschutz","status":"publish","type":"page","link":"https:\/\/milimat.eu\/de\/datenschutz","title":{"rendered":"Datenschutz"},"content":{"rendered":"\t\t<div data-elementor-type=\"wp-page\" data-elementor-id=\"1381\" class=\"elementor elementor-1381 elementor-1338\" data-elementor-post-type=\"page\">\n\t\t\t\t<div data-dce-background-color=\"#0D5E26\" class=\"elementor-element elementor-element-dd555be e-con-full e-flex e-con e-parent\" data-id=\"dd555be\" data-element_type=\"container\" data-settings=\"{&quot;background_background&quot;:&quot;classic&quot;}\">\n\t\t<div class=\"elementor-element elementor-element-f6dcb87 e-con-full e-flex e-con e-child\" data-id=\"f6dcb87\" data-element_type=\"container\">\n\t\t<div data-dce-background-color=\"#258749\" class=\"elementor-element elementor-element-9e12096 e-con-full e-flex e-con e-child\" data-id=\"9e12096\" data-element_type=\"container\" data-settings=\"{&quot;background_background&quot;:&quot;classic&quot;}\">\n\t\t\t\t<div class=\"elementor-element elementor-element-2753c89 elementor-widget__width-auto elementor-widget elementor-widget-heading\" data-id=\"2753c89\" data-element_type=\"widget\" data-widget_type=\"heading.default\">\n\t\t\t\t<div class=\"elementor-widget-container\">\n\t\t\t\t\t<span class=\"elementor-heading-title elementor-size-default\"><a href=\"https:\/\/milimat.eu\/home\">Startseite<\/a><\/span>\t\t\t\t<\/div>\n\t\t\t\t<\/div>\n\t\t\t\t<div class=\"elementor-element elementor-element-5b6901c elementor-widget__width-auto elementor-widget elementor-widget-heading\" data-id=\"5b6901c\" data-element_type=\"widget\" data-widget_type=\"heading.default\">\n\t\t\t\t<div class=\"elementor-widget-container\">\n\t\t\t\t\t<span class=\"elementor-heading-title elementor-size-default\">><\/span>\t\t\t\t<\/div>\n\t\t\t\t<\/div>\n\t\t\t\t<\/div>\n\t\t<div class=\"elementor-element elementor-element-dd575c9 e-con-full e-flex e-con e-child\" data-id=\"dd575c9\" data-element_type=\"container\">\n\t\t\t\t<div class=\"elementor-element elementor-element-f3b2474 elementor-widget elementor-widget-theme-post-title elementor-page-title elementor-widget-heading\" data-id=\"f3b2474\" data-element_type=\"widget\" data-widget_type=\"theme-post-title.default\">\n\t\t\t\t<div class=\"elementor-widget-container\">\n\t\t\t\t\t<h1 class=\"elementor-heading-title elementor-size-default\">Datenschutz<\/h1>\t\t\t\t<\/div>\n\t\t\t\t<\/div>\n\t\t\t\t<\/div>\n\t\t\t\t<\/div>\n\t\t\t\t<\/div>\n\t\t<div class=\"elementor-element elementor-element-86d001f e-flex e-con-boxed e-con e-parent\" data-id=\"86d001f\" data-element_type=\"container\">\n\t\t\t\t\t<div class=\"e-con-inner\">\n\t\t\t\t<div class=\"elementor-element elementor-element-5d1b474 elementor-widget elementor-widget-text-editor\" data-id=\"5d1b474\" data-element_type=\"widget\" data-widget_type=\"text-editor.default\">\n\t\t\t\t<div class=\"elementor-widget-container\">\n\t\t\t\t\t\t\t\t\t<p>Bei MILIMAT nehmen wir den Schutz Ihrer pers\u00f6nlichen Daten sehr ernst. Unser Ziel ist es, die Privatsph\u00e4re der Daten, die Sie uns zur Verf\u00fcgung stellen, zu sch\u00fctzen und die geltenden Vorschriften zum Schutz personenbezogener Daten einzuhalten. <\/p>\n<p><span style=\"font-weight: 400;\">In \u00dcbereinstimmung mit dem Gesetz 3\/2018 vom 5. Dezember \u00fcber den Schutz personenbezogener Daten und die Gew\u00e4hrleistung digitaler Rechte, mit dem die Verordnung (EU) 2016\/679 umgesetzt wird, informieren wir Sie mit den folgenden Informationen \u00fcber unsere Datenschutzpolitik:<\/span><\/p>\n\t\t\t\t\t\t\t\t<\/div>\n\t\t\t\t<\/div>\n\t\t\t\t<div class=\"elementor-element elementor-element-1a75446 elementor-widget elementor-widget-heading\" data-id=\"1a75446\" data-element_type=\"widget\" data-widget_type=\"heading.default\">\n\t\t\t\t<div class=\"elementor-widget-container\">\n\t\t\t\t\t<h3 class=\"elementor-heading-title elementor-size-default\">Wer ist der Verantwortliche f\u00fcr die Verarbeitung Ihrer Daten?<\/h3>\t\t\t\t<\/div>\n\t\t\t\t<\/div>\n\t\t\t\t<div class=\"elementor-element elementor-element-bc02843 elementor-widget elementor-widget-text-editor\" data-id=\"bc02843\" data-element_type=\"widget\" data-widget_type=\"text-editor.default\">\n\t\t\t\t<div class=\"elementor-widget-container\">\n\t\t\t\t\t\t\t\t\t<p>Die f\u00fcr Ihre Daten verantwortliche Organisation ist CIA-Agricoltori Italiani Umbria. Dies ist eine Vereinigung mit Sitz in Perugia, Italien. <\/p>\n<p><\/p>\t\t\t\t\t\t\t\t<\/div>\n\t\t\t\t<\/div>\n\t\t<div class=\"elementor-element elementor-element-64e51e0 e-flex e-con-boxed e-con e-child\" data-id=\"64e51e0\" data-element_type=\"container\">\n\t\t\t\t\t<div class=\"e-con-inner\">\n\t\t<div class=\"elementor-element elementor-element-b26dd87 e-flex e-con-boxed e-con e-child\" data-id=\"b26dd87\" data-element_type=\"container\" data-settings=\"{&quot;background_background&quot;:&quot;classic&quot;}\">\n\t\t\t\t\t<div class=\"e-con-inner\">\n\t\t\t\t<div class=\"elementor-element elementor-element-c1fd097 elementor-widget__width-initial elementor-widget elementor-widget-heading\" data-id=\"c1fd097\" data-element_type=\"widget\" data-widget_type=\"heading.default\">\n\t\t\t\t<div class=\"elementor-widget-container\">\n\t\t\t\t\t<div class=\"elementor-heading-title elementor-size-default\">Anschrift<\/div>\t\t\t\t<\/div>\n\t\t\t\t<\/div>\n\t\t\t\t<div class=\"elementor-element elementor-element-58335cc elementor-widget__width-initial elementor-widget elementor-widget-heading\" data-id=\"58335cc\" data-element_type=\"widget\" data-widget_type=\"heading.default\">\n\t\t\t\t<div class=\"elementor-widget-container\">\n\t\t\t\t\t<div class=\"elementor-heading-title elementor-size-default\">via Mario Angeloni, 1 - 06124 Perugia (IT)<\/div>\t\t\t\t<\/div>\n\t\t\t\t<\/div>\n\t\t\t\t\t<\/div>\n\t\t\t\t<\/div>\n\t\t<div class=\"elementor-element elementor-element-b85c5fe e-flex e-con-boxed e-con e-child\" data-id=\"b85c5fe\" data-element_type=\"container\">\n\t\t\t\t\t<div class=\"e-con-inner\">\n\t\t\t\t<div class=\"elementor-element elementor-element-067c094 elementor-widget__width-initial elementor-widget elementor-widget-heading\" data-id=\"067c094\" data-element_type=\"widget\" data-widget_type=\"heading.default\">\n\t\t\t\t<div class=\"elementor-widget-container\">\n\t\t\t\t\t<div class=\"elementor-heading-title elementor-size-default\">E-Mail-Kontakt<\/div>\t\t\t\t<\/div>\n\t\t\t\t<\/div>\n\t\t\t\t<div class=\"elementor-element elementor-element-f2de369 elementor-widget__width-initial elementor-widget elementor-widget-heading\" data-id=\"f2de369\" data-element_type=\"widget\" data-widget_type=\"heading.default\">\n\t\t\t\t<div class=\"elementor-widget-container\">\n\t\t\t\t\t<div class=\"elementor-heading-title elementor-size-default\"><a href=\"mailto:umbria@cia.it\">umbria@cia.it<\/a><\/div>\t\t\t\t<\/div>\n\t\t\t\t<\/div>\n\t\t\t\t\t<\/div>\n\t\t\t\t<\/div>\n\t\t<div class=\"elementor-element elementor-element-bf78a7a e-flex e-con-boxed e-con e-child\" data-id=\"bf78a7a\" data-element_type=\"container\" data-settings=\"{&quot;background_background&quot;:&quot;classic&quot;}\">\n\t\t\t\t\t<div class=\"e-con-inner\">\n\t\t\t\t<div class=\"elementor-element elementor-element-b2f5b24 elementor-widget__width-initial elementor-widget elementor-widget-heading\" data-id=\"b2f5b24\" data-element_type=\"widget\" data-widget_type=\"heading.default\">\n\t\t\t\t<div class=\"elementor-widget-container\">\n\t\t\t\t\t<div class=\"elementor-heading-title elementor-size-default\">Telefon<\/div>\t\t\t\t<\/div>\n\t\t\t\t<\/div>\n\t\t\t\t<div class=\"elementor-element elementor-element-cbb3b2d elementor-widget__width-initial elementor-widget elementor-widget-heading\" data-id=\"cbb3b2d\" data-element_type=\"widget\" data-widget_type=\"heading.default\">\n\t\t\t\t<div class=\"elementor-widget-container\">\n\t\t\t\t\t<div class=\"elementor-heading-title elementor-size-default\">0039 75 7971056<\/div>\t\t\t\t<\/div>\n\t\t\t\t<\/div>\n\t\t\t\t\t<\/div>\n\t\t\t\t<\/div>\n\t\t\t\t\t<\/div>\n\t\t\t\t<\/div>\n\t\t\t\t\t<\/div>\n\t\t\t\t<\/div>\n\t\t<div class=\"elementor-element elementor-element-cdbe8d7 e-flex e-con-boxed e-con e-parent\" data-id=\"cdbe8d7\" data-element_type=\"container\" data-settings=\"{&quot;background_background&quot;:&quot;classic&quot;}\">\n\t\t\t\t\t<div class=\"e-con-inner\">\n\t\t\t\t<div class=\"elementor-element elementor-element-5e1bf76 elementor-widget elementor-widget-heading\" data-id=\"5e1bf76\" data-element_type=\"widget\" data-widget_type=\"heading.default\">\n\t\t\t\t<div class=\"elementor-widget-container\">\n\t\t\t\t\t<h3 class=\"elementor-heading-title elementor-size-default\">Was ist der Zweck der Verarbeitung?<\/h3>\t\t\t\t<\/div>\n\t\t\t\t<\/div>\n\t\t\t\t<div class=\"elementor-element elementor-element-613103c elementor-widget elementor-widget-text-editor\" data-id=\"613103c\" data-element_type=\"widget\" data-widget_type=\"text-editor.default\">\n\t\t\t\t<div class=\"elementor-widget-container\">\n\t\t\t\t\t\t\t\t\t<ul>\n<li style=\"font-weight: 400;\" aria-level=\"1\"><span style=\"font-weight: 400;\">Um auf Anfragen, Beschwerden und Vorf\u00e4lle zu reagieren, die \u00fcber unsere in die Website integrierten Kontaktkan\u00e4le \u00fcbermittelt werden.<\/span><\/li>\n<li style=\"font-weight: 400;\" aria-level=\"1\"><span style=\"font-weight: 400;\">Um das Verhalten des Nutzers innerhalb der Website zu verstehen, um m\u00f6gliche Computerangriffe auf unsere Website zu erkennen.<\/span><\/li>\n<li style=\"font-weight: 400;\" aria-level=\"1\"><span style=\"font-weight: 400;\">Erf\u00fcllung der gesetzlichen Verpflichtungen, die unmittelbar auf uns anwendbar sind und unsere T\u00e4tigkeit regeln.<\/span><\/li>\n<li style=\"font-weight: 400;\" aria-level=\"1\"><span style=\"font-weight: 400;\">Um unsere Rechte zu sch\u00fctzen und auszu\u00fcben oder um auf Beschwerden jeglicher Art zu reagieren.<\/span><\/li>\n<li style=\"font-weight: 400;\" aria-level=\"1\"><span style=\"font-weight: 400;\">\u00dcbermittlung von Newslettern \u00fcber die Waren oder Dienstleistungen, die die T\u00e4tigkeit des Verantwortlichen ausmachen, oder von Nachrichten im Zusammenhang mit seiner T\u00e4tigkeit.<\/span><\/li>\n<\/ul>\n\t\t\t\t\t\t\t\t<\/div>\n\t\t\t\t<\/div>\n\t\t\t\t<div class=\"elementor-element elementor-element-4b76d8e elementor-widget elementor-widget-heading\" data-id=\"4b76d8e\" data-element_type=\"widget\" data-widget_type=\"heading.default\">\n\t\t\t\t<div class=\"elementor-widget-container\">\n\t\t\t\t\t<h3 class=\"elementor-heading-title elementor-size-default\">Was ist die Rechtsgrundlage f\u00fcr die Verarbeitung Ihrer Daten?<\/h3>\t\t\t\t<\/div>\n\t\t\t\t<\/div>\n\t\t\t\t<div class=\"elementor-element elementor-element-a5c8431 elementor-widget elementor-widget-text-editor\" data-id=\"a5c8431\" data-element_type=\"widget\" data-widget_type=\"text-editor.default\">\n\t\t\t\t<div class=\"elementor-widget-container\">\n\t\t\t\t\t\t\t\t\t<p><span style=\"font-weight: 400;\">Die Rechtsgrundlage f\u00fcr die Verarbeitung Ihrer Daten ist die Einwilligung der betroffenen Person gem\u00e4\u00df Artikel 6 Absatz 1 Buchstabe a der Verordnung sowie das berechtigte Interesse des f\u00fcr die Verarbeitung Verantwortlichen gem\u00e4\u00df Artikel 6 Absatz 1 Buchstabe f der Verordnung.<\/span><\/p>\n<p><span style=\"font-weight: 400;\">Die Daten, um die wir Sie bitten, sind angemessen, relevant und unbedingt erforderlich, und Sie sind in keinem Fall verpflichtet, sie uns zu \u00fcbermitteln, aber ihre Nichtmitteilung kann den Zweck der Dienstleistung beeintr\u00e4chtigen oder ihre Erbringung unm\u00f6glich machen.<\/span><\/p>\n\t\t\t\t\t\t\t\t<\/div>\n\t\t\t\t<\/div>\n\t\t\t\t\t<\/div>\n\t\t\t\t<\/div>\n\t\t<div class=\"elementor-element elementor-element-2297be9 e-flex e-con-boxed e-con e-parent\" data-id=\"2297be9\" data-element_type=\"container\">\n\t\t\t\t\t<div class=\"e-con-inner\">\n\t\t\t\t<div class=\"elementor-element elementor-element-e910f7b elementor-widget elementor-widget-heading\" data-id=\"e910f7b\" data-element_type=\"widget\" data-widget_type=\"heading.default\">\n\t\t\t\t<div class=\"elementor-widget-container\">\n\t\t\t\t\t<h3 class=\"elementor-heading-title elementor-size-default\">Wie lange bewahren wir Ihre Daten auf?<\/h3>\t\t\t\t<\/div>\n\t\t\t\t<\/div>\n\t\t\t\t<div class=\"elementor-element elementor-element-126e7e1 elementor-widget elementor-widget-text-editor\" data-id=\"126e7e1\" data-element_type=\"widget\" data-widget_type=\"text-editor.default\">\n\t\t\t\t<div class=\"elementor-widget-container\">\n\t\t\t\t\t\t\t\t\t<p><span data-sheets-value=\"{\"1\":2,\"2\":\"Your data will be kept for the time required for the proper provision of the service offered, as well as to meet the responsibilities that may arise from it and any other legal requirement.\"}\" data-sheets-userformat=\"{\"2\":15235,\"3\":{\"1\":0},\"4\":{\"1\":2,\"2\":16777215},\"10\":0,\"11\":4,\"12\":0,\"14\":{\"1\":3,\"3\":1},\"15\":\"Calibri\",\"16\":12}\">Ihre Daten werden so lange aufbewahrt, wie es f\u00fcr die ordnungsgem\u00e4\u00dfe Erbringung der angebotenen Dienstleistung erforderlich ist, sowie zur Erf\u00fcllung der sich daraus ergebenden Verpflichtungen und sonstiger rechtlicher Anforderungen.<\/span><\/p>\n\t\t\t\t\t\t\t\t<\/div>\n\t\t\t\t<\/div>\n\t\t\t\t<div class=\"elementor-element elementor-element-0a6e2fe elementor-widget elementor-widget-heading\" data-id=\"0a6e2fe\" data-element_type=\"widget\" data-widget_type=\"heading.default\">\n\t\t\t\t<div class=\"elementor-widget-container\">\n\t\t\t\t\t<h3 class=\"elementor-heading-title elementor-size-default\">An welche Empf\u00e4nger werden Ihre Daten weitergegeben?<\/h3>\t\t\t\t<\/div>\n\t\t\t\t<\/div>\n\t\t\t\t<div class=\"elementor-element elementor-element-2cc1de6 elementor-widget elementor-widget-text-editor\" data-id=\"2cc1de6\" data-element_type=\"widget\" data-widget_type=\"text-editor.default\">\n\t\t\t\t<div class=\"elementor-widget-container\">\n\t\t\t\t\t\t\t\t\t<p>Bei der Verarbeitung Ihrer Daten kann <strong>CIA-Agricoltori Italiani Umbria<\/strong> Ihre Daten weitergeben an:<\/p>\n<p><strong>On Projects Advising SL<\/strong>, als Dienstleister f\u00fcr Webmanagement und -pflege.<\/p>\n\t\t\t\t\t\t\t\t<\/div>\n\t\t\t\t<\/div>\n\t\t\t\t\t<\/div>\n\t\t\t\t<\/div>\n\t\t<div class=\"elementor-element elementor-element-f7db814 e-flex e-con-boxed e-con e-parent\" data-id=\"f7db814\" data-element_type=\"container\" data-settings=\"{&quot;background_background&quot;:&quot;classic&quot;}\">\n\t\t\t\t\t<div class=\"e-con-inner\">\n\t\t\t\t<div class=\"elementor-element elementor-element-eba94ad elementor-widget elementor-widget-heading\" data-id=\"eba94ad\" data-element_type=\"widget\" data-widget_type=\"heading.default\">\n\t\t\t\t<div class=\"elementor-widget-container\">\n\t\t\t\t\t<h3 class=\"elementor-heading-title elementor-size-default\">Welche Rechte habe ich?<\/h3>\t\t\t\t<\/div>\n\t\t\t\t<\/div>\n\t\t\t\t<div class=\"elementor-element elementor-element-80f8e2d elementor-widget elementor-widget-text-editor\" data-id=\"80f8e2d\" data-element_type=\"widget\" data-widget_type=\"text-editor.default\">\n\t\t\t\t<div class=\"elementor-widget-container\">\n\t\t\t\t\t\t\t\t\t<ul>\n<li style=\"font-weight: 400;\" aria-level=\"1\"><span style=\"font-weight: 400;\">Auskunftsrecht: Recht, eine Best\u00e4tigung dar\u00fcber zu erhalten, ob personenbezogene Daten verarbeitet werden, sowie das Recht auf Zugang zu diesen Daten.<\/span><\/li>\n<li style=\"font-weight: 400;\" aria-level=\"1\"><span style=\"font-weight: 400;\">Recht auf Berichtigung personenbezogener Daten.<\/span><\/li>\n<li style=\"font-weight: 400;\" aria-level=\"1\"><span style=\"font-weight: 400;\">Recht auf L\u00f6schung<\/span><\/li>\n<li style=\"font-weight: 400;\" aria-level=\"1\"><span style=\"font-weight: 400;\">Recht auf Einschr\u00e4nkung der Verarbeitung<\/span><\/li>\n<li style=\"font-weight: 400;\" aria-level=\"1\"><span style=\"font-weight: 400;\">Recht auf Daten\u00fcbertragbarkeit<\/span><\/li>\n<li style=\"font-weight: 400;\" aria-level=\"1\"><span style=\"font-weight: 400;\">Widerspruchsrecht: Das Recht, der Verarbeitung von Daten zu widersprechen.<\/span><\/li>\n<\/ul>\n\t\t\t\t\t\t\t\t<\/div>\n\t\t\t\t<\/div>\n\t\t\t\t<div class=\"elementor-element elementor-element-6ea118f elementor-widget elementor-widget-text-editor\" data-id=\"6ea118f\" data-element_type=\"widget\" data-widget_type=\"text-editor.default\">\n\t\t\t\t<div class=\"elementor-widget-container\">\n\t\t\t\t\t\t\t\t\t<p><span style=\"font-weight: 400;\">Der f\u00fcr die Verarbeitung Verantwortliche beh\u00e4lt sich das Recht vor, die in Artikel 23 der EU-Verordnung genannten Rechte einzuschr\u00e4nken, wenn eine solche Einschr\u00e4nkung vorgesehen ist, um insbesondere die Grundrechte und Grundfreiheiten zu sch\u00fctzen, und eine notwendige und verh\u00e4ltnism\u00e4\u00dfige Ma\u00dfnahme darstellt.<\/span><\/p>\n\t\t\t\t\t\t\t\t<\/div>\n\t\t\t\t<\/div>\n\t\t\t\t<div class=\"elementor-element elementor-element-dae50b6 elementor-widget elementor-widget-heading\" data-id=\"dae50b6\" data-element_type=\"widget\" data-widget_type=\"heading.default\">\n\t\t\t\t<div class=\"elementor-widget-container\">\n\t\t\t\t\t<h3 class=\"elementor-heading-title elementor-size-default\">Wo kann ich eine Beschwerde einreichen?<\/h3>\t\t\t\t<\/div>\n\t\t\t\t<\/div>\n\t\t\t\t<div class=\"elementor-element elementor-element-b0486bd elementor-widget elementor-widget-text-editor\" data-id=\"b0486bd\" data-element_type=\"widget\" data-widget_type=\"text-editor.default\">\n\t\t\t\t<div class=\"elementor-widget-container\">\n\t\t\t\t\t\t\t\t\t<p>Wenn ein Betroffener der Meinung ist, dass seine Daten nicht korrekt behandelt werden, kann er seine Beschwerden an die folgende E-Mail-Adresse richten: <a href=\"mailto:a.palomba@cia.it\">a.palomba@cia.it<\/a>.<\/p>\n<p>Die betroffene Person erkl\u00e4rt, dass sie alle diese Informationen erhalten hat.<\/p>\n\t\t\t\t\t\t\t\t<\/div>\n\t\t\t\t<\/div>\n\t\t\t\t\t<\/div>\n\t\t\t\t<\/div>\n\t\t\t\t<\/div>\n\t\t","protected":false},"excerpt":{"rendered":"<p>Startseite > Bei MILIMAT nehmen wir den Schutz Ihrer pers\u00f6nlichen Daten sehr ernst. Unser Ziel ist es, die Privatsph\u00e4re der Daten, die Sie uns zur Verf\u00fcgung stellen, zu sch\u00fctzen und die geltenden Vorschriften zum Schutz personenbezogener Daten einzuhalten. In \u00dcbereinstimmung mit dem Gesetz 3\/2018 vom 5. Dezember \u00fcber den Schutz personenbezogener Daten und die Gew\u00e4hrleistung [&hellip;]<\/p>\n","protected":false},"author":1,"featured_media":0,"parent":0,"menu_order":0,"comment_status":"closed","ping_status":"closed","template":"elementor_header_footer","meta":{"_acf_changed":false,"footnotes":""},"class_list":["post-1381","page","type-page","status-publish","hentry"],"acf":[],"yoast_head":"<!-- This site is optimized with the Yoast SEO plugin v24.7 - https:\/\/yoast.com\/wordpress\/plugins\/seo\/ -->\n<title>Datenschutz - MILIMAT<\/title>\n<meta name=\"robots\" content=\"index, follow, max-snippet:-1, max-image-preview:large, max-video-preview:-1\" \/>\n<link rel=\"canonical\" href=\"https:\/\/milimat.eu\/privacy-policy\" \/>\n<meta property=\"og:locale\" content=\"de_DE\" \/>\n<meta property=\"og:type\" content=\"article\" \/>\n<meta property=\"og:title\" content=\"Datenschutz - MILIMAT\" \/>\n<meta property=\"og:description\" content=\"Startseite &gt; Bei MILIMAT nehmen wir den Schutz Ihrer pers\u00f6nlichen Daten sehr ernst. Unser Ziel ist es, die Privatsph\u00e4re der Daten, die Sie uns zur Verf\u00fcgung stellen, zu sch\u00fctzen und die geltenden Vorschriften zum Schutz personenbezogener Daten einzuhalten. In \u00dcbereinstimmung mit dem Gesetz 3\/2018 vom 5. Dezember \u00fcber den Schutz personenbezogener Daten und die Gew\u00e4hrleistung [&hellip;]\" \/>\n<meta property=\"og:url\" content=\"https:\/\/milimat.eu\/privacy-policy\" \/>\n<meta property=\"og:site_name\" content=\"MILIMAT\" \/>\n<meta property=\"article:modified_time\" content=\"2024-05-20T09:53:37+00:00\" \/>\n<meta name=\"twitter:card\" content=\"summary_large_image\" \/>\n<meta name=\"twitter:label1\" content=\"Gesch\u00e4tzte Lesezeit\" \/>\n\t<meta name=\"twitter:data1\" content=\"3\u00a0Minuten\" \/>\n<script type=\"application\/ld+json\" class=\"yoast-schema-graph\">{\"@context\":\"https:\/\/schema.org\",\"@graph\":[{\"@type\":\"WebPage\",\"@id\":\"https:\/\/milimat.eu\/privacy-policy\",\"url\":\"https:\/\/milimat.eu\/privacy-policy\",\"name\":\"Datenschutz - MILIMAT\",\"isPartOf\":{\"@id\":\"https:\/\/milimat.eu\/#website\"},\"datePublished\":\"2024-05-15T07:32:57+00:00\",\"dateModified\":\"2024-05-20T09:53:37+00:00\",\"breadcrumb\":{\"@id\":\"https:\/\/milimat.eu\/privacy-policy#breadcrumb\"},\"inLanguage\":\"de\",\"potentialAction\":[{\"@type\":\"ReadAction\",\"target\":[\"https:\/\/milimat.eu\/privacy-policy\"]}]},{\"@type\":\"BreadcrumbList\",\"@id\":\"https:\/\/milimat.eu\/privacy-policy#breadcrumb\",\"itemListElement\":[{\"@type\":\"ListItem\",\"position\":1,\"name\":\"Home\",\"item\":\"https:\/\/milimat.eu\/\"},{\"@type\":\"ListItem\",\"position\":2,\"name\":\"Datenschutz\"}]},{\"@type\":\"WebSite\",\"@id\":\"https:\/\/milimat.eu\/#website\",\"url\":\"https:\/\/milimat.eu\/\",\"name\":\"MILIMAT\",\"description\":\"\",\"publisher\":{\"@id\":\"https:\/\/milimat.eu\/#organization\"},\"potentialAction\":[{\"@type\":\"SearchAction\",\"target\":{\"@type\":\"EntryPoint\",\"urlTemplate\":\"https:\/\/milimat.eu\/?s={search_term_string}\"},\"query-input\":{\"@type\":\"PropertyValueSpecification\",\"valueRequired\":true,\"valueName\":\"search_term_string\"}}],\"inLanguage\":\"de\"},{\"@type\":\"Organization\",\"@id\":\"https:\/\/milimat.eu\/#organization\",\"name\":\"MILIMAT\",\"url\":\"https:\/\/milimat.eu\/\",\"logo\":{\"@type\":\"ImageObject\",\"inLanguage\":\"de\",\"@id\":\"https:\/\/milimat.eu\/#\/schema\/logo\/image\/\",\"url\":\"https:\/\/milimat.eu\/wp-content\/uploads\/2023\/02\/MILIMAT_logo.png\",\"contentUrl\":\"https:\/\/milimat.eu\/wp-content\/uploads\/2023\/02\/MILIMAT_logo.png\",\"width\":4838,\"height\":1475,\"caption\":\"MILIMAT\"},\"image\":{\"@id\":\"https:\/\/milimat.eu\/#\/schema\/logo\/image\/\"}}]}<\/script>\n<!-- \/ Yoast SEO plugin. -->","yoast_head_json":{"title":"Datenschutz - MILIMAT","robots":{"index":"index","follow":"follow","max-snippet":"max-snippet:-1","max-image-preview":"max-image-preview:large","max-video-preview":"max-video-preview:-1"},"canonical":"https:\/\/milimat.eu\/privacy-policy","og_locale":"de_DE","og_type":"article","og_title":"Datenschutz - MILIMAT","og_description":"Startseite > Bei MILIMAT nehmen wir den Schutz Ihrer pers\u00f6nlichen Daten sehr ernst. Unser Ziel ist es, die Privatsph\u00e4re der Daten, die Sie uns zur Verf\u00fcgung stellen, zu sch\u00fctzen und die geltenden Vorschriften zum Schutz personenbezogener Daten einzuhalten. In \u00dcbereinstimmung mit dem Gesetz 3\/2018 vom 5. Dezember \u00fcber den Schutz personenbezogener Daten und die Gew\u00e4hrleistung [&hellip;]","og_url":"https:\/\/milimat.eu\/privacy-policy","og_site_name":"MILIMAT","article_modified_time":"2024-05-20T09:53:37+00:00","twitter_card":"summary_large_image","twitter_misc":{"Gesch\u00e4tzte Lesezeit":"3\u00a0Minuten"},"schema":{"@context":"https:\/\/schema.org","@graph":[{"@type":"WebPage","@id":"https:\/\/milimat.eu\/privacy-policy","url":"https:\/\/milimat.eu\/privacy-policy","name":"Datenschutz - MILIMAT","isPartOf":{"@id":"https:\/\/milimat.eu\/#website"},"datePublished":"2024-05-15T07:32:57+00:00","dateModified":"2024-05-20T09:53:37+00:00","breadcrumb":{"@id":"https:\/\/milimat.eu\/privacy-policy#breadcrumb"},"inLanguage":"de","potentialAction":[{"@type":"ReadAction","target":["https:\/\/milimat.eu\/privacy-policy"]}]},{"@type":"BreadcrumbList","@id":"https:\/\/milimat.eu\/privacy-policy#breadcrumb","itemListElement":[{"@type":"ListItem","position":1,"name":"Home","item":"https:\/\/milimat.eu\/"},{"@type":"ListItem","position":2,"name":"Datenschutz"}]},{"@type":"WebSite","@id":"https:\/\/milimat.eu\/#website","url":"https:\/\/milimat.eu\/","name":"MILIMAT","description":"","publisher":{"@id":"https:\/\/milimat.eu\/#organization"},"potentialAction":[{"@type":"SearchAction","target":{"@type":"EntryPoint","urlTemplate":"https:\/\/milimat.eu\/?s={search_term_string}"},"query-input":{"@type":"PropertyValueSpecification","valueRequired":true,"valueName":"search_term_string"}}],"inLanguage":"de"},{"@type":"Organization","@id":"https:\/\/milimat.eu\/#organization","name":"MILIMAT","url":"https:\/\/milimat.eu\/","logo":{"@type":"ImageObject","inLanguage":"de","@id":"https:\/\/milimat.eu\/#\/schema\/logo\/image\/","url":"https:\/\/milimat.eu\/wp-content\/uploads\/2023\/02\/MILIMAT_logo.png","contentUrl":"https:\/\/milimat.eu\/wp-content\/uploads\/2023\/02\/MILIMAT_logo.png","width":4838,"height":1475,"caption":"MILIMAT"},"image":{"@id":"https:\/\/milimat.eu\/#\/schema\/logo\/image\/"}}]}},"_links":{"self":[{"href":"https:\/\/milimat.eu\/de\/wp-json\/wp\/v2\/pages\/1381","targetHints":{"allow":["GET"]}}],"collection":[{"href":"https:\/\/milimat.eu\/de\/wp-json\/wp\/v2\/pages"}],"about":[{"href":"https:\/\/milimat.eu\/de\/wp-json\/wp\/v2\/types\/page"}],"author":[{"embeddable":true,"href":"https:\/\/milimat.eu\/de\/wp-json\/wp\/v2\/users\/1"}],"replies":[{"embeddable":true,"href":"https:\/\/milimat.eu\/de\/wp-json\/wp\/v2\/comments?post=1381"}],"version-history":[{"count":4,"href":"https:\/\/milimat.eu\/de\/wp-json\/wp\/v2\/pages\/1381\/revisions"}],"predecessor-version":[{"id":1405,"href":"https:\/\/milimat.eu\/de\/wp-json\/wp\/v2\/pages\/1381\/revisions\/1405"}],"wp:attachment":[{"href":"https:\/\/milimat.eu\/de\/wp-json\/wp\/v2\/media?parent=1381"}],"curies":[{"name":"wp","href":"https:\/\/api.w.org\/{rel}","templated":true}]}}